{"id":35672,"date":"2020-06-23T08:57:45","date_gmt":"2020-06-23T08:57:45","guid":{"rendered":"https:\/\/ozonetech.com\/anwendungen\/luftbehandlung\/digester-chamber-ozonation\/"},"modified":"2024-10-09T16:40:16","modified_gmt":"2024-10-09T14:40:16","slug":"ozonierung-des-biogaskammers","status":"publish","type":"page","link":"https:\/\/ozonetech.com\/de\/anwendungen\/luftbehandlung\/ozonierung-des-biogaskammers\/","title":{"rendered":"Ozonierung des Biogaskammers"},"content":{"rendered":"\n<section\n    class=\"block hero hero--regular\"\n    style=\"background-image: url('https:\/\/ozonetech.com\/wp-content\/uploads\/2021\/02\/digester-ozonation-2-1600x484.jpg'); --hero-opacity: 0.3\"\n>\n\n    <div class=\"container-fluid\">\n\n        <div class=\"content editor_content\">\n                         \n                <h2 class='h2'>Ozonierung des Biogaskammers<\/h2>            \n                    <\/div>\n\n            <\/div>\n<\/section>\n\n\n<section class=\"component component_breadcrumbs\">\n\t<div class=\"container-fluid\">\n  \t<\/div>\n<\/section>\n\n\n<section\n    id=\"\"\n    class=\"block content-block\"\n\tstyle=\"--cb-bg: white; --cb-content: #000; padding-top: 30px; padding-bottom: 30px;\"\n>\n    \n\n<div class=\"container-fluid editor_content content content--narrow\">\n    <div class=\"row\">\n        <div class=\"col-12 editor_content\">\n            <h1>Effiziente Geruchskontrolle in Faulbeh\u00e4ltern<\/h1>\n<p class=\"preamble\">Das Auftreten von Schwefelwasserstoff (H<sub>2<\/sub>S) ist in vielen F\u00e4llen ein Problem, insbesondere in Biogasanlagen. In diesem Abschnitt konzentrieren wir uns insbesondere auf zweistufige Biogasanlagen, bei denen der anaerobe Fermenter von der Methanaufbereitungsanlage getrennt wird. In diesem Fall bilden sich bereits im Fermenter hohe Konzentrationen von H<sub>2<\/sub>S, wo Ozon eingespritzt werden kann, um dieses Problem zu reduzieren.<\/p>\n        <\/div>\n    <\/div>\n<\/div>\n\n\n\n<div class=\"container-fluid editor_content content content--narrow\">\n    <div class=\"row\">\n        <div class=\"col-12 editor_content\">\n            <p>Da der Fermenter unter anaeroben Bedingungen arbeitet, d.h. ohne Sauerstoff, sollte Ozon vorsichtig injiziert werden. Die Injektion erfolgt in der Lufttasche \u00fcber dem mikrobiellen Reaktionsbett. Alternativ kann ein zus\u00e4tzlicher Beh\u00e4lter f\u00fcr die Ozonierung zwischen Fermenter und Methanaufbereitungsanlage eingebaut werden. Diese L\u00f6sung ist sicherer f\u00fcr die anaeroben Bedingungen, erfordert aber zus\u00e4tzliche Installationskosten.<\/p>\n<p>Die Lufttasche \u00fcber den reagierenden Medien bietet ein recht gro\u00dfes Volumen f\u00fcr die Reaktion des Ozons mit dem H<sub>2<\/sub>S. Daher ist die Oxidationsreaktion mit Ozon besonders effektiv. Die H<sub>2<\/sub>S-Umwandlung f\u00fcr einen Referenzfall eines ozonisierten Fermenters ist in der folgenden Abbildung zusammengefasst.<\/p>\n<div id=\"attachment_21265\" style=\"width: 1034px\" class=\"wp-caption aligncenter\"><img loading=\"lazy\" decoding=\"async\" aria-describedby=\"caption-attachment-21265\" class=\"wp-image-21265 size-large\" src=\"https:\/\/ozonetech.com\/wp-content\/uploads\/2021\/02\/Ozonation-in-digester-pocket-1024x732.png\" alt=\"\" width=\"1024\" height=\"732\" srcset=\"https:\/\/ozonetech.com\/wp-content\/uploads\/2021\/02\/Ozonation-in-digester-pocket-1024x732.png 1024w, https:\/\/ozonetech.com\/wp-content\/uploads\/2021\/02\/Ozonation-in-digester-pocket-300x214.png 300w, https:\/\/ozonetech.com\/wp-content\/uploads\/2021\/02\/Ozonation-in-digester-pocket-768x549.png 768w, https:\/\/ozonetech.com\/wp-content\/uploads\/2021\/02\/Ozonation-in-digester-pocket.png 1501w\" sizes=\"auto, (max-width: 1024px) 100vw, 1024px\" \/><p id=\"caption-attachment-21265\" class=\"wp-caption-text\">Abbildung 1 &#8211; H<sub>2<\/sub>S-Entfernung in Biogasanlagen mit zwei verschiedenen RENA Pro-L\u00f6sungen.<\/p><\/div>\n<p>&nbsp;<\/p>\n<p>Wie gezeigt, behandelt Ozon erfolgreich H<sub>2<\/sub>S mit Umsetzungen \u00fcber 80 %. Damit ist Ozon in der Lage, die H<sub>2<\/sub>S-Konzentration bereits vor der Methanaufbereitung von 500 &#8211; 1000 ppm auf 75 &#8211; 150 ppm zu reduzieren. Basierend auf den eingehenden Bedingungen und Anforderungen bieten wir eine Reihe von ma\u00dfgeschneiderten L\u00f6sungen, die die H<sub>2<\/sub>S-Entfernung optimieren und den Energieverbrauch minimieren. H<sub>2<\/sub>S wird in SO<sub>2<\/sub> umgewandelt, wodurch die Geruchs- und Korrosionsprobleme entsprechend der folgenden Reaktion stark reduziert werden.<\/p>\n<p><img loading=\"lazy\" decoding=\"async\" class=\"aligncenter wp-image-12717 size-full\" src=\"https:\/\/ozonetech.com\/wp-content\/uploads\/2021\/01\/H2S-conversion.png\" alt=\"\" width=\"379\" height=\"201\" srcset=\"https:\/\/ozonetech.com\/wp-content\/uploads\/2021\/01\/H2S-conversion.png 379w, https:\/\/ozonetech.com\/wp-content\/uploads\/2021\/01\/H2S-conversion-300x159.png 300w\" sizes=\"auto, (max-width: 379px) 100vw, 379px\" \/><\/p>\n<p>Im Vergleich zu anderen Technologien bietet Ozon mehrere Vorteile bei der Reduzierung von H<sub>2<\/sub>S in Fermentern. So ist beispielsweise der Einsatz von Eisenchlorid im Biobett seit einigen Jahren g\u00e4ngige Praxis. Diese Praxis erfordert jedoch hohe Betriebskosten, da das Eisenchlorid w\u00e4hrend der anaeroben Verg\u00e4rung kontinuierlich verbraucht wird. Dar\u00fcber hinaus kann es aufgrund des hohen Korrosionspotenzials von Eisenchlorid zu Korrosionsproblemen kommen.<\/p>\n<p>Im Vergleich zur Luft- oder Sauerstoffinjektion ist die Ozonierung aufgrund ihres hohen Oxidationspotenzials wesentlich effektiver. Bei der Verwendung von Luft verringert sich durch das Vorhandensein von Stickstoff die Biogasqualit\u00e4t erheblich, da er eine hohe Konzentration aufweist und in den folgenden Prozessschritten nicht entfernt werden kann. Der Einsatz von Sauerstoff l\u00f6st das Problem der Absenkung der Biogasqualit\u00e4t, allerdings ist die Leistung im Vergleich zu Ozon geringer. Da Sauerstoff ein geringeres Oxidationspotential hat, verl\u00e4uft die Oxidationsreaktion langsamer als bei Ozon. Das bedeutet, dass eine Sauerstoffinjektion viel gr\u00f6\u00dfere Volumina und Reaktionszeiten erfordert. Daher kann die Injektion von Sauerstoff in Anlagen mit begrenztem Raum nicht angewendet werden. Im Gegenteil, Ozon hat eine viel schnellere Reaktionsgeschwindigkeit, was zu einer effektiven Behandlung auch bei kleinen Mengen f\u00fchrt.<\/p>\n<p>&nbsp;<\/p>\n        <\/div>\n    <\/div>\n<\/div>\n\n<\/section>\n\n\n\n<section\n    id=\"\"\n    class=\"block content-block\"\n\tstyle=\"--cb-bg: #5f5f5f; --cb-content: #ffffff; padding-top: 30px; padding-bottom: 30px;\"\n>\n    \n\n<div class=\"container-fluid editor_content content content--narrow\">\n    <div class=\"row\">\n        <div class=\"col-12 editor_content\">\n            <h3>Vorteile der H<sub>2<\/sub>S-Ozonierung in Biogasanlagen<\/h3>\n<ul>\n<li>Hohe H<sub>2<\/sub>S-Entfernung (Endkonzentration unter 100 ppm)<\/li>\n<li>Hohe Energieeffizienz bei niedrigen Betriebskosten<\/li>\n<li>Hohe Energieeffizienz bei niedrigen Betriebskosten<\/li>\n<li>Plug-and-Play-System mit geringem Wartungsaufwand<\/li>\n<li>Keine Korrosion oder gef\u00e4hrliche Nebenprodukte<\/li>\n<li>Hohe Biogasqualit\u00e4t<\/li>\n<\/ul>\n        <\/div>\n    <\/div>\n<\/div>\n\n<\/section>\n\n\n\n<section\n    id=\"\"\n    class=\"block content-block\"\n\tstyle=\"--cb-bg: white; --cb-content: #000; padding-top: 30px; padding-bottom: 30px;\"\n>\n    \n\n<div class=\"container-fluid editor_content content content--narrow\">\n    <div class=\"row\">\n        <div class=\"col-12 editor_content\">\n            <h3>RENA Pro f\u00fcr H<sub>2<\/sub>S-Ozonierung in Fermentern<\/h3>\n<p>F\u00fcr die Ozonierung von H<sub>2<\/sub>S in den Fermentern empfehlen wir den Einsatz unseres RENA Pro Systems. Dieses System bietet durch die Sauerstoffzufuhr und die ma\u00dfgeschneiderte Wasserk\u00fchlung eine \u00fcberlegene Leistung. Der Sauerstoff wird in-situ erzeugt, wobei der Sauerstoffgenerator im System enthalten ist. Dieses Ger\u00e4t produziert Sauerstoff aus der Umgebungsluft, filtert ihn und entfernt Stickstoff und Feuchtigkeit. Die RENA Pro L\u00f6sung wird durch eine SPS-Steuerung, einen Ozonsensor und einen Montagerahmen erg\u00e4nzt.<\/p>\n<p>Die RENA Pro L\u00f6sung ist ausgestattet mit einer PCL-Steuerung, einem Ozonsensor und einer Montageschiene.<\/p>\n<p>Lesen Sie mehr \u00fcber unser RENA Pro System oder laden Sie unsere Brosch\u00fcre herunter.<\/p>\n<p><img loading=\"lazy\" decoding=\"async\" class=\"aligncenter wp-image-12630 size-large\" src=\"https:\/\/ozonetech.com\/wp-content\/uploads\/2021\/01\/Fabrik-1024x675.jpg\" alt=\"\" width=\"1024\" height=\"675\" \/><\/p>\n        <\/div>\n    <\/div>\n<\/div>\n\n<\/section>\n","protected":false},"excerpt":{"rendered":"","protected":false},"author":21,"featured_media":0,"parent":35646,"menu_order":0,"comment_status":"closed","ping_status":"closed","template":"","meta":{"_acf_changed":false,"_seopress_robots_primary_cat":"","_seopress_titles_title":"","_seopress_titles_desc":"Mellifiq bietet eine Vielfalt an ma\u00dfgeschneiderten L\u00f6sungen, welche die H2S-Entfernung optimiert und den Energieverbrauch minimiert.","_seopress_robots_index":"","inline_featured_image":false,"footnotes":""},"class_list":["post-35672","page","type-page","status-publish","hentry"],"acf":[],"_links":{"self":[{"href":"https:\/\/ozonetech.com\/de\/wp-json\/wp\/v2\/pages\/35672","targetHints":{"allow":["GET"]}}],"collection":[{"href":"https:\/\/ozonetech.com\/de\/wp-json\/wp\/v2\/pages"}],"about":[{"href":"https:\/\/ozonetech.com\/de\/wp-json\/wp\/v2\/types\/page"}],"author":[{"embeddable":true,"href":"https:\/\/ozonetech.com\/de\/wp-json\/wp\/v2\/users\/21"}],"replies":[{"embeddable":true,"href":"https:\/\/ozonetech.com\/de\/wp-json\/wp\/v2\/comments?post=35672"}],"version-history":[{"count":14,"href":"https:\/\/ozonetech.com\/de\/wp-json\/wp\/v2\/pages\/35672\/revisions"}],"predecessor-version":[{"id":40177,"href":"https:\/\/ozonetech.com\/de\/wp-json\/wp\/v2\/pages\/35672\/revisions\/40177"}],"up":[{"embeddable":true,"href":"https:\/\/ozonetech.com\/de\/wp-json\/wp\/v2\/pages\/35646"}],"wp:attachment":[{"href":"https:\/\/ozonetech.com\/de\/wp-json\/wp\/v2\/media?parent=35672"}],"curies":[{"name":"wp","href":"https:\/\/api.w.org\/{rel}","templated":true}]}}