{"id":35660,"date":"2020-06-23T08:09:30","date_gmt":"2020-06-23T08:09:30","guid":{"rendered":"https:\/\/ozonetech.com\/anwendungen\/luftbehandlung\/air-surface-disinfection\/"},"modified":"2024-10-09T16:35:58","modified_gmt":"2024-10-09T14:35:58","slug":"luftdesinfektion","status":"publish","type":"page","link":"https:\/\/ozonetech.com\/de\/anwendungen\/luftbehandlung\/luftdesinfektion\/","title":{"rendered":"Luftdesinfektion"},"content":{"rendered":"\n<section\n    class=\"block hero hero--regular\"\n    style=\"background-image: url('https:\/\/ozonetech.com\/wp-content\/uploads\/2021\/03\/air-disinfection-1-1600x484.jpg'); --hero-opacity: 0.25\"\n>\n\n    <div class=\"container-fluid\">\n\n        <div class=\"content editor_content\">\n                         \n                <h2 class='h1'>Luftdesinfektion<\/h2>            \n                    <\/div>\n\n            <\/div>\n<\/section>\n\n\n<section class=\"component component_breadcrumbs\">\n\t<div class=\"container-fluid\">\n  \t<\/div>\n<\/section>\n\n\n<section\n    id=\"\"\n    class=\"block content-block\"\n\tstyle=\"--cb-bg: white; --cb-content: #000; padding-top: 30px; padding-bottom: 30px;\"\n>\n    \n\n<div class=\"container-fluid editor_content content content--narrow\">\n    <div class=\"row\">\n        <div class=\"col-12 editor_content\">\n            <h1>Effiziente Luft- und Oberfl\u00e4chendesinfektion gegen Viren, Bakterien und Pilze<\/h1>\n<p class=\"preamble\">Mikroorganismen verursachen Probleme an verschiedenen Orten, in einem klinischen Umfeld k\u00f6nnen Bakterien gef\u00e4hrliche Ausbr\u00fcche verursachen. Ozon kann als chemisches Desinfektionsmittel zur Abt\u00f6tung von Bakterien und Viren mit geringer Ozonkonzentration eingesetzt werden. Die Kontaktzeit wird in Abh\u00e4ngigkeit vom gew\u00fcnschten Deaktivierungsgrad eingestellt, siehe Abbildung unten.<\/p>\n<p>Die Kontaktzeit ver\u00e4ndert sich abh\u00e4ngig vom gew\u00fcnschten Deaktivierungsgrad wie in der Abbildung unten gezeigt:<\/p>\n        <\/div>\n    <\/div>\n<\/div>\n\n\n\n<div class=\"container-fluid editor_content content content--narrow\">\n    <div class=\"row\">\n        <div class=\"col-12 editor_content\">\n            <p><img loading=\"lazy\" decoding=\"async\" class=\"wp-image-37878 size-large aligncenter\" src=\"https:\/\/ozonetech.com\/wp-content\/uploads\/2021\/08\/Microorganism-deactivation-with-ozone-treatment-DE-1024x732.png\" alt=\"\" width=\"1024\" height=\"732\" srcset=\"https:\/\/ozonetech.com\/wp-content\/uploads\/2021\/08\/Microorganism-deactivation-with-ozone-treatment-DE-1024x732.png 1024w, https:\/\/ozonetech.com\/wp-content\/uploads\/2021\/08\/Microorganism-deactivation-with-ozone-treatment-DE-300x214.png 300w, https:\/\/ozonetech.com\/wp-content\/uploads\/2021\/08\/Microorganism-deactivation-with-ozone-treatment-DE-768x549.png 768w, https:\/\/ozonetech.com\/wp-content\/uploads\/2021\/08\/Microorganism-deactivation-with-ozone-treatment-DE.png 1501w\" sizes=\"auto, (max-width: 1024px) 100vw, 1024px\" \/><\/p>\n<p>F\u00fcr viele Anwendungen reicht eine Bakterienreduktion von 99,99 %, was einer Reduktion um 4 log entspricht, f\u00fcr einen h\u00f6heren Deaktivierungsgrad kann das System leicht an h\u00f6here Konzentrationen und Expositionszeiten angepasst werden, in angepassten Systemen k\u00f6nnen sogar Bakteriensporen behandelt werden. Die obige Abbildung gilt f\u00fcr die Behandlung in R\u00e4umen und L\u00fcftungskan\u00e4len, wir haben Ozon verwendet, um die Ausbreitung von Mikroorganismen in der Luft in der Lebensmittelindustrie und bei der Lagerung von Lebensmitteln zu begrenzen.<\/p>\n        <\/div>\n    <\/div>\n<\/div>\n\n<\/section>\n\n\n\n<section\n    id=\"\"\n    class=\"block content-block\"\n\tstyle=\"--cb-bg: #e6e6e6; --cb-content: #000; padding-top: 30px; padding-bottom: 30px;\"\n>\n    \n\n<div class=\"container-fluid editor_content content content--narrow\">\n    <div class=\"row\">\n        <div class=\"col-12 editor_content\">\n            <h3>Luftdesinfektion in der Lebensmittelindustrie<\/h3>\n        <\/div>\n    <\/div>\n<\/div>\n\n\n<div class=\"container-fluid content content--narrow\">\n    <div class=\"row\">\n        <div class=\"col-md-6 order-1 editor_content \">\n            <p>Bei Lebensmittelanwendungen beschleunigt die Ausbreitung von Mikroorganismen im Inneren der Anlage die Schimmelbildung, doch bei einer schonenden Ozonbehandlung kann der Schimmelprozess leicht um mehrere Tage verschoben werden, ohne die Lebensmittel zu besch\u00e4digen. Dar\u00fcber hinaus wurden in der Molkereiwirtschaft Anlagen mit Ozon desinfiziert, die gut funktionieren und den Bedarf an sch\u00e4dlichen chemischen Desinfektionsmitteln eliminieren.<\/p>\n        <\/div>\n        <div class=\"col-md-6 order-2 editor_content d-flex justify-content-center\">\n                                            <figure class=\"side-image wp-caption\">\n                    <img loading=\"lazy\" decoding=\"async\" width=\"425\" height=\"281\" src=\"https:\/\/ozonetech.com\/wp-content\/uploads\/2021\/02\/ozone-treatment-strawberries.jpg\" class=\"attachment-full size-full\" alt=\"\" srcset=\"https:\/\/ozonetech.com\/wp-content\/uploads\/2021\/02\/ozone-treatment-strawberries.jpg 425w, https:\/\/ozonetech.com\/wp-content\/uploads\/2021\/02\/ozone-treatment-strawberries-300x198.jpg 300w\" sizes=\"auto, (max-width: 425px) 100vw, 425px\" \/>                                            <p class=\"wp-caption-text\">\n                            Ozone treating strawberries can double shelf life                        <\/p>\n                                    <\/figure>\n                    <\/div>\n    <\/div>\n<\/div>\n\n\n<div class=\"container-fluid editor_content content content--narrow\">\n    <div class=\"row\">\n        <div class=\"col-12 editor_content\">\n            <h3>Luftdesinfektion in Krankenh\u00e4usern und Gesundheitseinrichtungen<\/h3>\n<p>Im Gegensatz zur Lebensmittelindustrie, in der R\u00e4ume oft gar nicht behandelt werden, haben Krankenh\u00e4user hohe Anforderungen an die Sauberkeit und verwenden bereits h\u00e4ufiges Reinigen, um die Ausbreitung von Krankheitserregern zu reduzieren, was h\u00e4ufig durch h\u00e4ufiges Abwischen von Oberfl\u00e4chen mit chemischen Desinfektionsmitteln geschieht. Obwohl diese traditionelle Methode effektiv ist, hat sich gezeigt, dass traditionelle manuelle Reinigungs- und Desinfektionsverfahren oft nicht optimal sind. Gr\u00fcnde f\u00fcr eine fehlgeschlagene Reinigung k\u00f6nnen sein: Missverst\u00e4ndnisse, Abweichungen vom Reinigungsprotokoll, nicht alle Oberfl\u00e4chen abzuwischen, falsche Verd\u00fcnnung des Reinigungsmittels durch die Verd\u00fcnnungsmaschine oder Personen und die Oberfl\u00e4chenstruktur der Reinigungsger\u00e4te sind bei bestimmten Materialien unwirksam. In einem Krankenhaus erh\u00f6hen solche Diskrepanzen das Risiko der Ausbreitung von Krankheitserregern zwischen Gebieten und Patienten. Automatisierte ber\u00fchrungslose Technologien sind eine gute Erg\u00e4nzung zu den Reinigungspraktiken, da sie einen weiteren Reinigungsschritt hinzuf\u00fcgen. (Boyce, 2016)<\/p>\n        <\/div>\n    <\/div>\n<\/div>\n\n<\/section>\n\n\n\n<section\n    id=\"\"\n    class=\"block content-block\"\n\tstyle=\"--cb-bg: white; --cb-content: #000; padding-top: 30px; padding-bottom: 30px;\"\n>\n    \n\n<div class=\"container-fluid editor_content content content--narrow\">\n    <div class=\"row\">\n        <div class=\"col-12 editor_content\">\n            <h3>Unterschiedliche Behandlungsmethoden<\/h3>\n<p>Zu den ber\u00fchrungslosen Technologien geh\u00f6rt die Verwendung von UV-Lampen und Chemikalien, die als Aerosol oder Gas dispergiert sind und Mikroorganismen deaktivieren. Im Vergleich zu anderen Behandlungsmethoden zur Luftdesinfektion kann Ozon gro\u00dfe Luftmengen effizient desinfizieren und Mikroorganismen, einschlie\u00dflich Viren, neutralisieren. Damit ist es ideal f\u00fcr den Einsatz in medizinischen Bereichen, zum Beispiel in Krankenh\u00e4usern oder Arztwartezimmern. Ein wichtiger Faktor, der Einsparungen erm\u00f6glicht, ist die Zeit, die das Reinigungsmittel aktiv Bakterien deaktivieren kann, wie in der folgenden Abbildung dargestellt:<\/p>\n<p style=\"text-align: center;\"><img loading=\"lazy\" decoding=\"async\" class=\"aligncenter wp-image-37887 size-large\" src=\"https:\/\/ozonetech.com\/wp-content\/uploads\/2021\/08\/contact-time-comparison-DE-1024x683.png\" alt=\"\" width=\"1024\" height=\"683\" srcset=\"https:\/\/ozonetech.com\/wp-content\/uploads\/2021\/08\/contact-time-comparison-DE-1024x683.png 1024w, https:\/\/ozonetech.com\/wp-content\/uploads\/2021\/08\/contact-time-comparison-DE-300x200.png 300w, https:\/\/ozonetech.com\/wp-content\/uploads\/2021\/08\/contact-time-comparison-DE-768x512.png 768w, https:\/\/ozonetech.com\/wp-content\/uploads\/2021\/08\/contact-time-comparison-DE.png 1501w\" sizes=\"auto, (max-width: 1024px) 100vw, 1024px\" \/><\/p>\n        <\/div>\n    <\/div>\n<\/div>\n\n\n<div class=\"container-fluid editor_content content content--narrow\">\n    <div class=\"row\">\n        <div class=\"col-md-6\">\n            <p>Die Tabelle zeigt, dass die Kontaktzeiten sehr unterschiedlich sind, UV-Reinigungssysteme haben oft ein sehr kurzes Zeitfenster, um die Luft zu bestrahlen und m\u00fcssen daher viel Energie hinzuf\u00fcgen, um eine ausreichende Deaktivierung in dieser kurzen Zeit zu gew\u00e4hrleisten, das Wischen mit einer Reinigungsl\u00f6sung wird durch die Zeit begrenzt, die die Oberfl\u00e4che zum Trocknen ben\u00f6tigt, w\u00e4hrend Ozon weiterhin Bakterien angreift, bis es sich nat\u00fcrlich zersetzt oder entfernt wird. Dadurch k\u00f6nnen Ozonsysteme die Energieeinsparung deutlich erh\u00f6hen.<\/p>\n<p>Das Ozon wird bei Bedarf direkt vor Ort erzeugt und schafft daher den Bedarf von zus\u00e4tzlichen Ressourcen, die ben\u00f6tigt werden, um gef\u00e4hrliche Chemikalien handzuhaben und zu lagern, ab. Zus\u00e4tzlich bleiben keine chemischen R\u00fcckst\u00e4nde nach der Behandlung zur\u00fcck, da sich Ozon von Natur aus in Sauerstoff zersetzt.<\/p>\n        <\/div>\n        <div class=\"col-md-6\">\n            <p>Ozon wird bei Bedarf vor Ort produziert, wodurch zus\u00e4tzliche Ressourcen f\u00fcr den Umgang und die Lagerung gef\u00e4hrlicher Chemikalien entfallen. Au\u00dferdem bleiben nach der Behandlung keine chemischen R\u00fcckst\u00e4nde zur\u00fcck, da sich Ozon auf nat\u00fcrliche Weise zu Sauerstoff zersetzt. In Bezug auf die Verwendung erm\u00f6glicht die Verteilung als Gas, dass Ozon schwer zu reinigende Oberfl\u00e4chen erreicht und schwer abwischbare Stellen erreicht. Studien haben gezeigt, dass niedrige Ozonkonzentrationen in der Lage sind, Bakterien und umh\u00fcllte Viren zu deaktivieren, indem sie mit unges\u00e4ttigten Fetts\u00e4uren in der Plasmamembran, bestimmten Oberfl\u00e4chenproteinen und DNA reagieren. F\u00fcr den Umgang mit stabilen Viren und Bakteriensporen sind jedoch h\u00f6here Ozonkonzentrationen zusammen mit Luftfeuchtigkeit \u00fcber mehrere Stunden erforderlich.<\/p>\n<p>Lesen Sie hier mehr \u00fcber unsere RENA Pro Ozonsysteme oder laden Sie unsere Brosch\u00fcre herunter.<\/p>\n        <\/div>\n    <\/div>\n<\/div><\/section>\n\n\n\n<section\n    id=\"\"\n    class=\"block content-block\"\n\tstyle=\"--cb-bg: #e6e6e6; --cb-content: #000; padding-top: 30px; padding-bottom: 30px;\"\n>\n    \n\n<div class=\"container-fluid editor_content content content--narrow\">\n    <div class=\"row\">\n        <div class=\"col-12 editor_content\">\n            <h3>Verringern Sie das Risiko der Ausbreitung von Krankheitserregern<\/h3>\n<p>In einer klinischen Umgebung k\u00f6nnen Ozongeneratoren das Risiko der Ausbreitung von Krankheitserregern verringern, wenn neue Patienten in zuvor besetzte R\u00e4ume kommen. Sie k\u00f6nnen auch nach der traditionellen Reinigung verwendet werden, um das Risiko der Ausbreitung von Krankheiten durch infekti\u00f6se K\u00f6rperfl\u00fcssigkeiten, die vom vorherigen Patienten zur\u00fcckgelassen wurden, zu verringern.<\/p>\n<p>Je nach Kundenwunsch wird die Behandlungszeit und Ozonkonzentration an die gew\u00fcnschte Log-Reduktion angepasst, wie in der folgenden Abbildung dargestellt. Nach erfolgter Behandlung zerf\u00e4llt Ozon entweder \u00fcber mehrere Stunden auf nat\u00fcrliche Weise in Sauerstoff oder der Abbau wird durch den Einsatz von Ozonvernichtern deutlich beschleunigt.<\/p>\n<p>F\u00fcr Kliniken, die nachts geschlossen sind, kann die Ozonbehandlung in Warter\u00e4umen, Fluren und B\u00e4dern geplant werden, so dass gen\u00fcgend Zeit f\u00fcr die Behandlung und Ozonvernichter bleibt, bevor der erste Mitarbeiter eintrifft.<\/p>\n<p>F\u00fcr Operationss\u00e4le oder andere Bereiche, die eine 6 logarithmische Deaktivierung von Bakterien, Viren und sogar Sporen ben\u00f6tigen, sind spezielle L\u00f6sungen mit hohen Ozonkonzentrationen in einem geschlossenen Raum \u00fcber mehrere Stunden erforderlich. Der Desinfektionsvorgang kann von einem Panel au\u00dferhalb des Raumes gestartet werden, und es werden Informationen \u00fcber die verbleibende Zeit angezeigt. Nach Ablauf der eingestellten Zeit wird das Ozon mit einem Ozonvernichter abgebaut.<\/p>\n<p>Kontaktieren Sie uns, um eine ma\u00dfgeschneiderte L\u00f6sung f\u00fcr Ihre Desinfektionsbed\u00fcrfnisse zu finden.<\/p>\n        <\/div>\n    <\/div>\n<\/div>\n\n<\/section>\n","protected":false},"excerpt":{"rendered":"","protected":false},"author":21,"featured_media":0,"parent":35646,"menu_order":0,"comment_status":"closed","ping_status":"closed","template":"","meta":{"_acf_changed":false,"_seopress_robots_primary_cat":"","_seopress_titles_title":"","_seopress_titles_desc":"Ozon kann bei der Luftdesinfektion gro\u00dfe Luftvolumen desinfizieren und neutralisiert dabei Mikroorganismen einschlie\u00dflich Viren.","_seopress_robots_index":"","inline_featured_image":false,"footnotes":""},"class_list":["post-35660","page","type-page","status-publish","hentry"],"acf":[],"_links":{"self":[{"href":"https:\/\/ozonetech.com\/de\/wp-json\/wp\/v2\/pages\/35660","targetHints":{"allow":["GET"]}}],"collection":[{"href":"https:\/\/ozonetech.com\/de\/wp-json\/wp\/v2\/pages"}],"about":[{"href":"https:\/\/ozonetech.com\/de\/wp-json\/wp\/v2\/types\/page"}],"author":[{"embeddable":true,"href":"https:\/\/ozonetech.com\/de\/wp-json\/wp\/v2\/users\/21"}],"replies":[{"embeddable":true,"href":"https:\/\/ozonetech.com\/de\/wp-json\/wp\/v2\/comments?post=35660"}],"version-history":[{"count":12,"href":"https:\/\/ozonetech.com\/de\/wp-json\/wp\/v2\/pages\/35660\/revisions"}],"predecessor-version":[{"id":40155,"href":"https:\/\/ozonetech.com\/de\/wp-json\/wp\/v2\/pages\/35660\/revisions\/40155"}],"up":[{"embeddable":true,"href":"https:\/\/ozonetech.com\/de\/wp-json\/wp\/v2\/pages\/35646"}],"wp:attachment":[{"href":"https:\/\/ozonetech.com\/de\/wp-json\/wp\/v2\/media?parent=35660"}],"curies":[{"name":"wp","href":"https:\/\/api.w.org\/{rel}","templated":true}]}}