{"id":35606,"date":"2020-06-25T09:57:33","date_gmt":"2020-06-25T08:57:33","guid":{"rendered":"https:\/\/ozonetech.com\/ein-starkes-oxidationsmittel\/ozone-safety\/"},"modified":"2024-10-11T10:06:00","modified_gmt":"2024-10-11T08:06:00","slug":"ozon-sicherheit","status":"publish","type":"page","link":"https:\/\/ozonetech.com\/de\/ein-starkes-oxidationsmittel\/ozon-sicherheit\/","title":{"rendered":"Ozon-Sicherheit"},"content":{"rendered":"\n<section\n    class=\"block hero hero--regular\"\n    style=\"background-image: url('https:\/\/ozonetech.com\/wp-content\/uploads\/2021\/03\/about-ozone-3-1600x484.jpg'); --hero-opacity: 0.3\"\n>\n\n    <div class=\"container-fluid\">\n\n        <div class=\"content editor_content\">\n                         \n                <h2 class='h2'>Ozon-Sicherheit<\/h2>            \n                    <\/div>\n\n            <\/div>\n<\/section>\n\n\n<section class=\"component component_breadcrumbs\">\n\t<div class=\"container-fluid\">\n  \t<\/div>\n<\/section>\n\n\n<section\n    id=\"\"\n    class=\"block content-block\"\n\tstyle=\"--cb-bg: white; --cb-content: #000; padding-top: 30px; padding-bottom: 30px;\"\n>\n    \n\n<div class=\"container-fluid editor_content content content--narrow\">\n    <div class=\"row\">\n        <div class=\"col-12 editor_content\">\n            <h1>Allgemeine Informationen \u00fcber Ozon-Sicherheit<\/h1>\n<p>Sicherheitsdatenblatt als PDF herunterladen<\/p>\n        <\/div>\n    <\/div>\n<\/div>\n\n<div class=\"container-fluid editor_content\">\n    <div class=\"row\">\n        <div class=\"col-12 editor_content table-wrapper \" style=\"--table-text-color-header: #FFFFFF; --table-text-color-rows: #000000; --table-background-color-header: #5f5f5f; --table-background-color-rows-even: #efefef; --table-background-color-rows-odd: #dfdfdf; \">\n                            \n<table id=\"tablepress-223\" class=\"tablepress tablepress-id-223\">\n<thead>\n<tr class=\"row-1\">\n\t<th class=\"column-1\">Produkt\/Material<\/th><th class=\"column-2\">Ozon<\/th>\n<\/tr>\n<\/thead>\n<tbody class=\"row-striping\">\n<tr class=\"row-2\">\n\t<td class=\"column-1\">Molekulare Formel<\/td><td class=\"column-2\">O3<\/td>\n<\/tr>\n<tr class=\"row-3\">\n\t<td class=\"column-1\">Haupteigenschaften<\/td><td class=\"column-2\">Oxidierendes Gas \u2013 CAS-Nr. 10028-15-6 \/ EG-Nr. 233-069-2<\/td>\n<\/tr>\n<tr class=\"row-4\">\n\t<td class=\"column-1\">Molekulargewicht<\/td><td class=\"column-2\">48.0<\/td>\n<\/tr>\n<tr class=\"row-5\">\n\t<td class=\"column-1\">Produktion<\/td><td class=\"column-2\">Koronaentladung<\/td>\n<\/tr>\n<tr class=\"row-6\">\n\t<td class=\"column-1\">Konzentration<\/td><td class=\"column-2\">Bis zu 18 Gewichts-% in Sauerstoff\/mit Sauerstoff angereicherter Luft<\/td>\n<\/tr>\n<tr class=\"row-7\">\n\t<td class=\"column-1\">Siedepunkt<\/td><td class=\"column-2\">-111.0\u00b0C<\/td>\n<\/tr>\n<tr class=\"row-8\">\n\t<td class=\"column-1\">Schmelzpunkt<\/td><td class=\"column-2\">-192.7\u00b0C<\/td>\n<\/tr>\n<tr class=\"row-9\">\n\t<td class=\"column-1\">L\u00f6slichkeit in Wasser nach Gewicht (bei 20 \u00b0C)<\/td><td class=\"column-2\">570 mg\/l<\/td>\n<\/tr>\n<tr class=\"row-10\">\n\t<td class=\"column-1\">Dampfdichte<\/td><td class=\"column-2\">1.6 (1 = air)<\/td>\n<\/tr>\n<tr class=\"row-11\">\n\t<td class=\"column-1\">Entflammbarkeit<\/td><td class=\"column-2\">Nicht entflammbar\/unterst\u00fctzt Verbrennung stark<\/td>\n<\/tr>\n<tr class=\"row-12\">\n\t<td class=\"column-1\">Flammpunkt<\/td><td class=\"column-2\">Nicht zutreffend<\/td>\n<\/tr>\n<tr class=\"row-13\">\n\t<td class=\"column-1\">Selbstentz\u00fcndungspunkt<\/td><td class=\"column-2\">Nicht zutreffend<\/td>\n<\/tr>\n<\/tbody>\n<\/table>\n<!-- #tablepress-223 from cache -->                                <\/div>\n    <\/div>\n<\/div>\n\n\n<div class=\"container-fluid editor_content content content--narrow\">\n    <div class=\"row\">\n        <div class=\"col-12 editor_content\">\n            <h3>Aussehen und Geruch<\/h3>\n<p>Ozon ist farblos in jeder industriell eingesetzten Konzentration. Es hat einen charakteristischen, stechenden Geruch, der \u00fcblicherweise mit elektrischen Funken assoziiert wird. Der Geruch ist im Allgemeinen durch die menschliche Nase erkennbar in Konzentrationen von 0,02 und 0,05 ppm.<\/p>\n<h3>Feuer\/Explosion und Gefahrendaten<\/h3>\n<p>Ozon ist ein stark wirksames Oxidationsmittel. Die Oxidation mit Ozon entwickelt mehr Hitze und entz\u00fcndet sich normalerweise bei einer niedrigeren Temperatur als die Oxidation mit Sauerstoff. Ozon reagiert mit nicht ges\u00e4ttigten organischen Verbindungen zu Ozoniden, die instabil sind und sich mit explosionsartiger Kraft zersetzen k\u00f6nnen. Ozon ist ein instabiles Gas, das sich bei normalen Temperaturen, zu aus zwei Atomen bestehendem Sauerstoff zersetzt. Bei erh\u00f6hten Temperatur und in Gegenwart bestimmter Katalysatoren wie Wasserstoff, Eisen, Kupfer und Chrom kann diese Zersetzung explosionsartig verlaufen.<\/p>\n        <\/div>\n    <\/div>\n<\/div>\n\n<\/section>\n\n\n\n<section\n    id=\"\"\n    class=\"block content-block\"\n\tstyle=\"--cb-bg: #e6e6e6; --cb-content: #000; padding-top: 30px; padding-bottom: 30px;\"\n>\n    \n\n<div class=\"container-fluid editor_content content content--narrow\">\n    <div class=\"row\">\n        <div class=\"col-12 editor_content\">\n            <h3>Reaktionsdaten<\/h3>\n<h4>Zu Instabilit\u00e4t beitragende Zust\u00e4nde<\/h4>\n<p>Ozon zersetzt sich und normalen Umgebungsbedingungen spontan, daher ist es \u00fcblicherweise nicht anzutreffen au\u00dfer in der direkten Umgebung seiner Produktionsstelle. Die Zersetzung wird durch Kontakt mit festen Oberfl\u00e4chen, durch Kontakt mit chemischen Substanzen und durch W\u00e4rmeeinwirkung beschleunigt.<\/p>\n<h4>Unvertr\u00e4glichkeiten<\/h4>\n<p>Ozon ist ein starkes Oxidationsmittel und reagiert mit allen oxidierenden Materialien, sowohl organisch als auch anorganisch. Manche Reaktionsprodukte sind hoch explosiv.<\/p>\n<h4>Gef\u00e4hrliche Zersetzungsprodukte<\/h4>\n<p>Keine.<\/p>\n        <\/div>\n    <\/div>\n<\/div>\n\n<\/section>\n\n\n\n<section\n    id=\"\"\n    class=\"block content-block\"\n\tstyle=\"--cb-bg: #fff; --cb-content: #000; \"\n>\n    \n\n<div class=\"container-fluid editor_content content content--narrow\">\n    <div class=\"row\">\n        <div class=\"col-12 editor_content\">\n            <h3>Daten zur Gesundheitsgef\u00e4hrdung<\/h3>\n<h4>Zul\u00e4ssige Belastungsgrenzen<\/h4>\n<p>Die folgenden Grenzwerte sind \u00fcblicherweise g\u00fcltig (USA, Schweden, Gro\u00dfbritannien und andere Teile von Europa):<\/p>\n<ul>\n<li>8 Stunden pro Tag\/ 5 Tage pro Woche (berufsbedingte Expositionsgrenze) \u2013 0,1 ppm<\/li>\n<li>15 Minuten (kurzfristige Expositionsgrenze) \u2013 0,3 ppm<\/li>\n<\/ul>\n<h4>Toxikologie von Ozon<\/h4>\n<p>Die akute und chronische Wirkung einer \u00fcberm\u00e4\u00dfigen Belastung mit Ozon wurden gut untersucht. Ein Kontakt mit Konzentrationen von Ozon in H\u00f6he von mehreren Zehntel ppm f\u00fchrte manchmal zu Berichten von Unwohlsein bei einem kleinen Teil der Bev\u00f6lkerung. Dies kann sich in Form von Kopfschmerzen oder Trockenheit des Rachens und der Schleimh\u00e4ute von Augen und Nase f\u00fcr kurze Zeit nach einer Belastung \u00e4u\u00dfern. Wiederholte Belastungen mit Ozon in solchen Konzentrationen in 24-Stunden-Intervallen f\u00fchrten jedoch zu keinem weiteren Anstieg der Reizung der Atemwege. In der Tat hat nach dem Erstkontakt eine weitere Belastung mit Ozon einen progressiv geringeren Effekt, was auf eine sich aufbauende Toleranz schlie\u00dfen l\u00e4sst.<\/p>\n<p>Ozon hat sich als sch\u00e4dlich in Konzentrationen von mehr als 2,0\u00a0ppm \u00fcber mehrere Stunden erwiesen, wie es z. B. bei Lichtbogenschwei\u00dfen auftreten kann. Die prim\u00e4re Auftrittsstelle akuter Auswirkungen ist die Lunge und \u00e4u\u00dfert sich durch Lungenstauungen. Die akute Wirkung bei Schwei\u00dfern ebbt ab, wenn die Belastung auf weniger als 0,2\u00a0ppm reduziert wird. Basierend auf Ergebnissen von Tierstudien hat eine Belastung mit 10 bis 20\u00a0ppm \u00fcber einen Zeitraum von einer Stunde oder k\u00fcrzer wahrscheinlich t\u00f6dliche Wirkung bei Menschen, obwohl in den 100\u00a0Jahren kommerzieller Verwendung von Ozon bisher kein einziger Todesfall aufgrund von Ozonexposition berichtet wurde. (Vergleichen Sie dies mit den Erfahrungen mit Chlor, das sowohl in Friedens- als auch Kriegszeiten viele Opfer gefordert hat).<\/p>\n<p>Hinsichtlich der langfristigen oder chronischen Toxizit\u00e4t ist Ozon ein radiometrisches Mittel, d.\u00a0h. die Effekte einer langfristigen Belastung mit hohen Ozonwerten zeigt dieselben Effekte wie eine \u00fcberm\u00e4\u00dfige Aussetzung von Sonnenlicht. Diese Effekte sind die Austrocknung der Hautoberfl\u00e4chen und eine beschleunigte Alterung der freiliegenden Gewebeschichten. Ozon wird allgemein nicht als Karzinogen betrachtet und es zeigt auch keine fruchtwassersch\u00e4digenden oder mutagenen Eigenschaften.<\/p>\n<p>Bei einem Ozonleck:<\/p>\n<ul>\n<li>Bel\u00fcften Sie den Bereich<\/li>\n<li>Schalten Sie den Ozongenerator sofort aus<\/li>\n<li>Stoppen Sie den Fluss von ozoniertem Wasser<\/li>\n<li>Wenn hohe Ozonwerte vorliegen (mehr als 0,1 ppm) m\u00fcssen alle Personen den betroffenen Bereich unverz\u00fcglich verlassen, bis er gr\u00fcndlich gel\u00fcftet wurde<\/li>\n<li>Wenn Ozonwerte von mehr als 0,3 ppm vorliegen oder wenn Mitarbeiter in begrenzten Bereichen oder Tanks arbeiten m\u00fcssen, in denen Ozon vorhanden sein kann, d\u00fcrfen nur Personen mit geeigneten Atemger\u00e4ten in dem Bereich arbeiten und es m\u00fcssen geeignete Vorkehrungen f\u00fcr sicheres Arbeiten in beschr\u00e4nkten Bereichen getroffen werden.<\/li>\n<\/ul>\n        <\/div>\n    <\/div>\n<\/div>\n\n<\/section>\n\n\n\n<section\n    id=\"\"\n    class=\"block content-block\"\n\tstyle=\"--cb-bg: white; --cb-content: #000; padding-top: 30px; padding-bottom: 30px;\"\n>\n    \n\n<div class=\"container-fluid editor_content content content--narrow\">\n    <div class=\"row\">\n        <div class=\"col-12 editor_content\">\n            <h4>Entsorgung von Ozongasabf\u00e4llen<\/h4>\n<p>Es ist bew\u00e4hrte Praxis und in manchen L\u00e4ndern gesetzlich vorgeschrieben, dass Ozongas nicht in die Atmosph\u00e4re abgeleitet werden darf, sondern in einem geeigneten Ozon-zerst\u00f6renden Verfahren behandelt werden muss. (Katalytisch, thermisch oder durch Absorption)<\/p>\n        <\/div>\n    <\/div>\n<\/div>\n\n<\/section>\n\n\n\n<section\n    id=\"\"\n    class=\"block content-block\"\n\tstyle=\"--cb-bg: #e6e6e6; --cb-content: #000; padding-top: 30px; padding-bottom: 30px;\"\n>\n    \n\n<div class=\"container-fluid editor_content content content--narrow\">\n    <div class=\"row\">\n        <div class=\"col-12 editor_content\">\n            <h4>Safe handling of waste ozone gas<\/h4>\n<p>All potential outlets of ozone gas into the occupied areas or external atmosphere should be identified.<\/p>\n<ol>\n<li>Jegliche routinem\u00e4\u00dfige Freisetzung von Ozon in die belebten Bereiche oder die externe Atmosph\u00e4re m\u00fcssen unterbunden und durch ein Ozonvernichtungssystem geleitet werden (wie oben erl\u00e4utert).<\/li>\n<li>Alle belebten Bereiche, in denen Ozon erzeugt oder angewendet wird, m\u00fcssen mit einem wirksamen Bel\u00fcftungssystem ausgestattet sein, dass entsprechend f\u00fcr die Menge an erzeugtem Ozon und andere Risikofaktoren ausgelegt ist.<\/li>\n<li>Wenn Ozon auf Fl\u00fcssigkeiten angewendet wird, ist unbedingt zu ber\u00fccksichtigen, dass Ozon unter den meisten Bedingungen aus L\u00f6sungen flieht. Sicherheitsvorkehrungen sind u.\u00a0a. Sicherstellen, dass alle Beh\u00e4lter, die ozonierte Fl\u00fcssigkeiten enthalten, luftdicht sind oder unter negativem Druck stehen, um einen Austritt von Ozon zu verhindern. Alle Entl\u00fcftungen, an denen Ozon austreten kann, m\u00fcssen mit einem Ozonvernichtungssystem verbunden sein. Wenn ozonierte Fl\u00fcssigkeiten wie gebrauchtes Sp\u00fclwasser entsorgt werden, muss dies \u00fcber einen geschlossenen Leistungskreis in einen geschlossenen Ablauf geschehen.<\/li>\n<\/ol>\n        <\/div>\n    <\/div>\n<\/div>\n\n<\/section>\n\n\n\n<section\n    id=\"\"\n    class=\"block content-block\"\n\tstyle=\"--cb-bg: #fff; --cb-content: #000; \"\n>\n    \n\n<div class=\"container-fluid editor_content content content--narrow\">\n    <div class=\"row\">\n        <div class=\"col-12 editor_content\">\n            <h4>Entsorgung von Ozongasabf\u00e4llen<\/h4>\n<ul>\n<li>Kontakt mit den Augen \u2013 Falls Ozongas in die Augen gelangt, sp\u00fclen Sie sie unmittelbar mit viel Wasser, heben Sie dabei gelegentlich das obere und untere Augenlid an. Suchen Sie sobald wie m\u00f6glich einen Arzt auf.<\/li>\n<li>Atmung \u2013 Wenn eine Person gro\u00dfe Mengen Ozon einatmet, bringen Sie die Person sofort in einen Bereich mit warmer, nicht-kontaminierter Luft. Falls die Atmung ausgesetzt hat, f\u00fchren Sie k\u00fcnstliche Beatmungsma\u00dfnahmen durch. Wenn das Atmen schwer f\u00e4llt, kann entsprechend geschultes Personal Hilfestellung leisten und Sauerstoff verabreichen. Halten Sie die betroffene Person warm und ruhig. Suchen Sie sobald wie m\u00f6glich einen Arzt auf.<\/li>\n<li>Rettung \u2013 Bringen Sie die betroffene Person in Sicherheit. Falls die Person bewusstlos ist, informieren Sie weitere Personen und setzen Sie die bestehenden Notfallvorkehrungen in Gang. Betreten Sie den betroffenen Bereich keinesfalls ohne Hilfestellung oder gegen die Empfehlung der geltenden Sicherheitsvorschriften f\u00fcr Ihre Einrichtung.<\/li>\n<\/ul>\n<p>&nbsp;<\/p>\n        <\/div>\n    <\/div>\n<\/div>\n\n\n\n<div class=\"container-fluid editor_content content content--narrow\">\n    <div class=\"row\">\n        <div class=\"col-12 editor_content\">\n            <p><em>Ozone Tech Systems OTS AB ist nicht haftbar f\u00fcr Verluste oder Sch\u00e4den welcher Art auch immer, die aus welchem Grund auch immer in Verbindung mit der Verwendung von oder dem Umgang mit Ozon oder durch Aussagen in diesem Dokument oder die Unterlassung solcher Aussagen entstehen.<\/em><\/p>\n        <\/div>\n    <\/div>\n<\/div>\n\n<\/section>\n","protected":false},"excerpt":{"rendered":"","protected":false},"author":21,"featured_media":0,"parent":35571,"menu_order":0,"comment_status":"closed","ping_status":"closed","template":"","meta":{"_acf_changed":false,"_seopress_robots_primary_cat":"","_seopress_titles_title":"","_seopress_titles_desc":"Lesen Sie hier alle Sicherheitsinformationen zu Ozon, wie der Reaktion und allgemeinen Gesundheitsinformationen sowie die Entsorgung von Ozongasabf\u00e4llen","_seopress_robots_index":"","inline_featured_image":false,"footnotes":""},"class_list":["post-35606","page","type-page","status-publish","hentry"],"acf":[],"_links":{"self":[{"href":"https:\/\/ozonetech.com\/de\/wp-json\/wp\/v2\/pages\/35606","targetHints":{"allow":["GET"]}}],"collection":[{"href":"https:\/\/ozonetech.com\/de\/wp-json\/wp\/v2\/pages"}],"about":[{"href":"https:\/\/ozonetech.com\/de\/wp-json\/wp\/v2\/types\/page"}],"author":[{"embeddable":true,"href":"https:\/\/ozonetech.com\/de\/wp-json\/wp\/v2\/users\/21"}],"replies":[{"embeddable":true,"href":"https:\/\/ozonetech.com\/de\/wp-json\/wp\/v2\/comments?post=35606"}],"version-history":[{"count":15,"href":"https:\/\/ozonetech.com\/de\/wp-json\/wp\/v2\/pages\/35606\/revisions"}],"predecessor-version":[{"id":41216,"href":"https:\/\/ozonetech.com\/de\/wp-json\/wp\/v2\/pages\/35606\/revisions\/41216"}],"up":[{"embeddable":true,"href":"https:\/\/ozonetech.com\/de\/wp-json\/wp\/v2\/pages\/35571"}],"wp:attachment":[{"href":"https:\/\/ozonetech.com\/de\/wp-json\/wp\/v2\/media?parent=35606"}],"curies":[{"name":"wp","href":"https:\/\/api.w.org\/{rel}","templated":true}]}}