{"id":35583,"date":"2020-06-25T09:49:15","date_gmt":"2020-06-25T08:49:15","guid":{"rendered":"https:\/\/ozonetech.com\/ein-starkes-oxidationsmittel\/ozone-faq\/"},"modified":"2021-07-07T10:25:20","modified_gmt":"2021-07-07T09:25:20","slug":"faq-ozon","status":"publish","type":"page","link":"https:\/\/ozonetech.com\/de\/ein-starkes-oxidationsmittel\/faq-ozon\/","title":{"rendered":"FAQ Ozon"},"content":{"rendered":"\n<section\n    class=\"block hero hero--regular\"\n    style=\"background-image: url('https:\/\/ozonetech.com\/wp-content\/uploads\/2021\/03\/about-ozone-2-1600x484.jpg'); --hero-opacity: 0.3\"\n>\n\n    <div class=\"container-fluid\">\n\n        <div class=\"content editor_content\">\n                         \n                <h1 class='h1'>FAQ Ozon<\/h1>            \n                    <\/div>\n\n            <\/div>\n<\/section>\n\n\n<section class=\"component component_breadcrumbs\">\n\t<div class=\"container-fluid\">\n  \t<\/div>\n<\/section>\n\n\n<section\n    id=\"q1\"\n    class=\"block content-block\"\n\tstyle=\"--cb-bg: white; --cb-content: #000; padding-top: 30px; padding-bottom: 30px;\"\n>\n    \n\n<div class=\"container-fluid editor_content content content--narrow\">\n    <div class=\"row\">\n        <div class=\"col-12 editor_content\">\n            <h2 style=\"text-align: left;\">The most commonly asked questions about ozone technology<\/h2>\n<ol>\n<li><a href=\"#q1\"><strong>Wie erzeugen unsere Ozongeneratoren Ozon?<\/strong><\/a><\/li>\n<li><a href=\"#q2\"><strong>Wie kann Ozon im Wasser gel\u00f6st werden?<\/strong><\/a><\/li>\n<li><a href=\"#q3\"><strong>Materialien, die mit Ozon vertr\u00e4glich sind<br \/>\n<\/strong><\/a><\/li>\n<li><a href=\"#q4\"><strong>Wie behandle ich Ozonabgas?<br \/>\n<\/strong><\/a><\/li>\n<li><a href=\"#q5\"><strong>Was ist die Halbwertszeit von Ozon?<br \/>\n<\/strong><\/a><\/li>\n<\/ol>\n        <\/div>\n    <\/div>\n<\/div>\n\n\n\n<div class=\"container-fluid editor_content content content--narrow\">\n    <div class=\"row\">\n        <div class=\"col-12 editor_content\">\n            <h3 id=\"q1\">1. Wie erzeugen unsere Ozongeneratoren Ozon?<\/h3>\n<p>Wir, Ozonetech, verwenden unser eigenes patentiertes Corona-Entladungsverfahren. Durch das Leiten von Sauerstoffgas durch ein elektrisches Hochspannungsfeld spalten sich einige der Sauerstoffmolek\u00fcle in geladene Atome auf, die dann wiederum mit anderen Sauerstoffmolek\u00fclen reagieren und Ozon bilden. Die Sauerstoffkonzentration beeinflusst direkt die Ozonproduktionsrate. Durch die Reduzierung des Sauerstoffzuflusses kann die Ozonkonzentration noch weiter erh\u00f6ht werden, allerdings auf Kosten der Reduzierung der Ozonproduktion.<\/p>\n<p>[<a href=\"#top\"><strong>top<\/strong><\/a>]<\/p>\n        <\/div>\n    <\/div>\n<\/div>\n\n\n\n<div class=\"container-fluid editor_content content content--narrow\">\n    <div class=\"row\">\n        <div class=\"col-12 editor_content\">\n            <h3 id=\"q2\">2. Wie kann Ozon im Wasser gel\u00f6st werden?<\/h3>\n<p>Es gibt zwei verschiedene Methoden, um Ozon in Wasser zu l\u00f6sen. Die erste ist durch Injektoren und die zweite durch Diffusoren.<\/p>\n<h4>Injektoren<\/h4>\n<p>Ozoninjektor \/ Venturi ist eine sehr einfache L\u00f6sung f\u00fcr den Stoffaustausch mit Ozon. Das Ozongas l\u00f6st sich wegen des Druckes einfach durch Ansaugen in das Wasser auf.<\/p>\n<h4>Diffusoren<\/h4>\n<p>Blasendiffusoren arbeiten, indem sie Ozon durch Hunderte von Blasen unter der Wasseroberfl\u00e4che abgeben, und werden umso effizienter, je gr\u00f6\u00dfer die Tiefe des Wassers ist. Je kleiner die Blasen sind, desto effizienter sind sie. Zu den Faktoren, die dies zu einer Herausforderung machen, geh\u00f6ren die Oberfl\u00e4chenspannung des Wassers und die Erzeugung eines Wasserstr\u00f6mungsmusters im Kontaktprozess, das die Tendenz der Gasblasen zur Umwandlung in gr\u00f6\u00dfere Blasen unterbricht.<\/p>\n<p>Feinblasige Diffusoren werden h\u00e4ufig eingesetzt, da sie neben der anf\u00e4nglichen Gasverdichtung auch ohne zus\u00e4tzliche Energie betrieben werden k\u00f6nnen. Bei diesem System wird Ozongas normalerweise mit einem Druck von 0,7 &#8211; 1,0 Bar aus dem Ozongenerator ausgesto\u00dfen, was ausreicht, um die hydrostatische Druckh\u00f6he und den Druckverlust durch die Gasverteilerrohre und Diffusoren zu \u00fcberwinden. Dieses Diffusionssystem kann auch mit Ozonatoren verwendet werden, die unter Unterdruck arbeiten, wobei Fl\u00fcssigringgaskompressoren aus Edelstahl zum Einspritzen des Ozons unter Druck verwendet werden.<\/p>\n<p>[<a href=\"#top\"><strong>top<\/strong><\/a>]<\/p>\n        <\/div>\n    <\/div>\n<\/div>\n\n\n\n<div class=\"container-fluid editor_content content content--narrow\">\n    <div class=\"row\">\n        <div class=\"col-12 editor_content\">\n            <h3 id=\"q3\">3. Materialien, die mit Ozon vertr\u00e4glich sind<\/h3>\n<ul>\n<li>Keramik<\/li>\n<li>Glas<\/li>\n<li>304L and 316L Edelstahl<\/li>\n<li>PTFE and ETFE Teflon<\/li>\n<li>ECTFE Halar<\/li>\n<li>Kalrez\/Chemrez<\/li>\n<li>Gor Tex<\/li>\n<li>Hypalon<\/li>\n<\/ul>\n<p>[<a href=\"#top\"><strong>top<\/strong><\/a>]<\/p>\n        <\/div>\n    <\/div>\n<\/div>\n\n\n\n<div class=\"container-fluid editor_content content content--narrow\">\n    <div class=\"row\">\n        <div class=\"col-12 editor_content\">\n            <h3 id=\"q4\">4. Wie behandle ich Ozonabgas?<\/h3>\n<p>Das ungel\u00f6ste Ozon sollte durch einen Ozonvernichter geleitet und sicher in die offene Atmosph\u00e4re abgegeben werden. Der Vernichter enth\u00e4lt Schichten aus Magnesiumdioxid-Katalysatormaterial, durch die das Ozon geleitet wird. Diese Schichten sind sehr feuchtigkeitsempfindlich und m\u00fcssen trocken bleiben, um mit voller Kapazit\u00e4t zu funktionieren.<\/p>\n<p>[<a href=\"#top\"><strong>top<\/strong><\/a>]<\/p>\n        <\/div>\n    <\/div>\n<\/div>\n\n\n\n<div class=\"container-fluid editor_content content content--narrow\">\n    <div class=\"row\">\n        <div class=\"col-12 editor_content\">\n            <h3 id=\"q5\">5. Was ist die Halbwertszeit von Ozon?<\/h3>\n<p>Unter Standardbedingungen (21\u00b0C, 1 bar) betr\u00e4gt die Halbwertszeit von Ozongas 20 Minuten. Die Halbwertszeit von gel\u00f6stem Ozon betr\u00e4gt 20 Minuten bei pH 6, 15 Minuten bei pH 7 und 5 Minuten bei pH 8. Der Hauptfaktor, der die Halbwertszeit von Ozon reduziert, ist h\u00f6here Temperatur, Druck und Geschwindigkeit.<\/p>\n<p>[<a href=\"#top\"><strong>top<\/strong><\/a>]<\/p>\n        <\/div>\n    <\/div>\n<\/div>\n\n<\/section>\n","protected":false},"excerpt":{"rendered":"","protected":false},"author":21,"featured_media":0,"parent":35571,"menu_order":0,"comment_status":"closed","ping_status":"closed","template":"","meta":{"_acf_changed":false,"_seopress_robots_primary_cat":"","_seopress_titles_title":"","_seopress_titles_desc":"Wir verwenden unser eigenes patentiertes Corona-Entfernungsverfahren. Erfahren Sie mehr dar\u00fcber, wie unsere Generatoren funktionieren und erhalten Sie weitere n\u00fctzliche Informationen \u00fcber Ozon.","_seopress_robots_index":"","inline_featured_image":false,"footnotes":""},"class_list":["post-35583","page","type-page","status-publish","hentry"],"acf":[],"_links":{"self":[{"href":"https:\/\/ozonetech.com\/de\/wp-json\/wp\/v2\/pages\/35583","targetHints":{"allow":["GET"]}}],"collection":[{"href":"https:\/\/ozonetech.com\/de\/wp-json\/wp\/v2\/pages"}],"about":[{"href":"https:\/\/ozonetech.com\/de\/wp-json\/wp\/v2\/types\/page"}],"author":[{"embeddable":true,"href":"https:\/\/ozonetech.com\/de\/wp-json\/wp\/v2\/users\/21"}],"replies":[{"embeddable":true,"href":"https:\/\/ozonetech.com\/de\/wp-json\/wp\/v2\/comments?post=35583"}],"version-history":[{"count":17,"href":"https:\/\/ozonetech.com\/de\/wp-json\/wp\/v2\/pages\/35583\/revisions"}],"predecessor-version":[{"id":35605,"href":"https:\/\/ozonetech.com\/de\/wp-json\/wp\/v2\/pages\/35583\/revisions\/35605"}],"up":[{"embeddable":true,"href":"https:\/\/ozonetech.com\/de\/wp-json\/wp\/v2\/pages\/35571"}],"wp:attachment":[{"href":"https:\/\/ozonetech.com\/de\/wp-json\/wp\/v2\/media?parent=35583"}],"curies":[{"name":"wp","href":"https:\/\/api.w.org\/{rel}","templated":true}]}}