{"id":35579,"date":"2020-06-25T09:31:11","date_gmt":"2020-06-25T08:31:11","guid":{"rendered":"https:\/\/ozonetech.com\/ein-starkes-oxidationsmittel\/ozone-benefits\/"},"modified":"2024-10-11T10:05:07","modified_gmt":"2024-10-11T08:05:07","slug":"vorteile-ozon","status":"publish","type":"page","link":"https:\/\/ozonetech.com\/de\/ein-starkes-oxidationsmittel\/vorteile-ozon\/","title":{"rendered":"Vorteile Ozon"},"content":{"rendered":"\n<section\n    class=\"block hero hero--regular\"\n    style=\"background-image: url('https:\/\/ozonetech.com\/wp-content\/uploads\/2021\/03\/about-ozone-1-1600x484.jpg'); --hero-opacity: 0.3\"\n>\n\n    <div class=\"container-fluid\">\n\n        <div class=\"content editor_content\">\n                         \n                <h2 class='h2'>Vorteile Ozon<\/h2>            \n                    <\/div>\n\n            <\/div>\n<\/section>\n\n\n<section class=\"component component_breadcrumbs\">\n\t<div class=\"container-fluid\">\n  \t<\/div>\n<\/section>\n\n\n<section\n    id=\"\"\n    class=\"block content-block\"\n\tstyle=\"--cb-bg: white; --cb-content: #000; padding-top: 30px; padding-bottom: 30px;\"\n>\n    \n\n<div class=\"container-fluid editor_content content content--narrow\">\n    <div class=\"row\">\n        <div class=\"col-12 editor_content\">\n            <h1 style=\"text-align: left;\">Top-zehn der Vorteile von Ozonoxidationstechnologie<\/h1>\n<p style=\"text-align: left;\">Ozon ist ein Trisauerstoff-Molek\u00fcl mit der chemischen Formel O<sub>3<\/sub>. Es ist ein blaues Gas mit einem unverwechselbaren Geruch, der von den meisten Menschen selbst bei so geringen Konzentrationen wie 0,1 ppm erkannt werden kann. In der Natur ist Ozon in geringen Konzentrationen vorhanden und wird in der Atmosph\u00e4re der Erde aus Sauerstoff durch Einfluss von ultraviolettem (UV) Licht, einer Form von elektromagnetischer Strahlung und durch elektrische Entladungen, z. B. von Blitzen, gebildet.<\/p>\n<p style=\"text-align: left;\">Die st\u00e4rkste Ozonkonzentration in der Natur kann in der Ozonschicht der Stratosph\u00e4re gefunden werden und sie absorbiert den Gro\u00dfteil von ultravioletter (UV) Strahlung, die von der Sonne abgegeben wird.<\/p>\n<p style=\"text-align: left;\">Ozon ist au\u00dferdem ein hoch wirksames Oxidationsmittel, das leicht Wasserl\u00f6slich ist und eine gro\u00dfe Vielzahl an Verbindungen und Mikroorganismen aufspalten kann. Wegen seiner Eigenschaften ist Ozon eine ideale Methode zur Behandlung von Verunreinigungen und Schmutzpartikeln in Luft und Wasser. F\u00fcr weitere Informationen bez\u00fcglich der Sicherheit bei der Ozonverwendung, klicken Sie bitte hier.<\/p>\n<p style=\"text-align: left;\">Studien zeigen, dass Ozon hinsichtlich der Zeit und Kosten die effektivste Methode zu Behandlung von Luft und Wasser ist und in einem breitem Spektrum in industriellen Anwendungen angewandt werden kann. Hinzukommt, dass Ozon den Bedarf von Chemikalien auf Null reduziert und keine potenziell sch\u00e4dlichen Nebenprodukte zur\u00fcck l\u00e4sst. Daher ist es die nachhaltigste und umweltfreundlichste Behandlungstechnologie.<\/p>\n<p style=\"text-align: left;\">Unten haben wir die zehn wichtigsten Vorteile angef\u00fchrt, die Ozon zur idealen Wahl f\u00fcr jede Branche machen, in der saubere Luft und sauberes Wasser ben\u00f6tigt wird:<\/p>\n<ol>\n<li>\u00dcber 50% effizienter beim Durchbruch von Bakterienmembranen im Vergleich zu Chlor<\/li>\n<li>Beseitigt eine Vielzahl von Bakterien, ist dabei \u00fcber 3000 mal schneller sind als Chlor.<\/li>\n<li>Potentes Desinfektionsmittel in niedrigen Konzentrationen<\/li>\n<li>Zerf\u00e4llt in Sauerstoffgas und hinterl\u00e4sst keine Nebenprodukte.<\/li>\n<li>FDA-zugelassen f\u00fcr den direkten Kontakt mit Lebensmitteln<\/li>\n<li>Verl\u00e4ngert die Haltbarkeit der meisten Lebensmittel.<\/li>\n<li>Effizienter Geruchs-, Geschmacks- und Farbentferner<\/li>\n<li>Einfache und wirtschaftliche Herstellung am Einsatzort<\/li>\n<li>Leicht nachweisbar bei niedrigen Konzentrationen durch den Menschen, dadurch sicher in der Handhabung.<\/li>\n<li>In den meisten L\u00e4ndern gibt es einen Rechtsrahmen f\u00fcr die Exposition des Menschen.<\/li>\n<\/ol>\n<p>Auf <a href=\"https:\/\/ozonetech.com\/de\/ein-starkes-oxidationsmittel\/\">dieser Seite<\/a> haben wir die n\u00fctzlichsten grundlegenden Informationen \u00fcber Ozon zusammengestellt. Lesen Sie mehr dar\u00fcber.<\/p>\n        <\/div>\n    <\/div>\n<\/div>\n\n<\/section>\n","protected":false},"excerpt":{"rendered":"","protected":false},"author":21,"featured_media":0,"parent":35571,"menu_order":0,"comment_status":"closed","ping_status":"closed","template":"","meta":{"_acf_changed":false,"_seopress_robots_primary_cat":"","_seopress_titles_title":"","_seopress_titles_desc":"Ozon ist dazu f\u00e4hig, ein breites Spektrum von Bakterien \u00fcber 3000 Mal schneller als Chlor zu beseitigen, was Ihrem Unternehmen wertvolle Zeit spart.","_seopress_robots_index":"","inline_featured_image":false,"footnotes":""},"class_list":["post-35579","page","type-page","status-publish","hentry"],"acf":[],"_links":{"self":[{"href":"https:\/\/ozonetech.com\/de\/wp-json\/wp\/v2\/pages\/35579","targetHints":{"allow":["GET"]}}],"collection":[{"href":"https:\/\/ozonetech.com\/de\/wp-json\/wp\/v2\/pages"}],"about":[{"href":"https:\/\/ozonetech.com\/de\/wp-json\/wp\/v2\/types\/page"}],"author":[{"embeddable":true,"href":"https:\/\/ozonetech.com\/de\/wp-json\/wp\/v2\/users\/21"}],"replies":[{"embeddable":true,"href":"https:\/\/ozonetech.com\/de\/wp-json\/wp\/v2\/comments?post=35579"}],"version-history":[{"count":7,"href":"https:\/\/ozonetech.com\/de\/wp-json\/wp\/v2\/pages\/35579\/revisions"}],"predecessor-version":[{"id":41210,"href":"https:\/\/ozonetech.com\/de\/wp-json\/wp\/v2\/pages\/35579\/revisions\/41210"}],"up":[{"embeddable":true,"href":"https:\/\/ozonetech.com\/de\/wp-json\/wp\/v2\/pages\/35571"}],"wp:attachment":[{"href":"https:\/\/ozonetech.com\/de\/wp-json\/wp\/v2\/media?parent=35579"}],"curies":[{"name":"wp","href":"https:\/\/api.w.org\/{rel}","templated":true}]}}