{"id":35571,"date":"2020-06-25T11:15:59","date_gmt":"2020-06-25T11:15:59","guid":{"rendered":"https:\/\/ozonetech.com\/about-ozone\/"},"modified":"2024-10-10T11:40:46","modified_gmt":"2024-10-10T09:40:46","slug":"ein-starkes-oxidationsmittel","status":"publish","type":"page","link":"https:\/\/ozonetech.com\/de\/ein-starkes-oxidationsmittel\/","title":{"rendered":"Ein starkes Oxidationsmittel"},"content":{"rendered":"\n<section\n    class=\"block hero hero--regular\"\n    style=\"background-image: url('https:\/\/ozonetech.com\/wp-content\/uploads\/2021\/03\/about-ozone-1600x484.jpg'); --hero-opacity: 0.25\"\n>\n\n    <div class=\"container-fluid\">\n\n        <div class=\"content editor_content\">\n                         \n                <h2 class='h2'>Ein starkes Oxidationsmittel<\/h2>            \n                    <\/div>\n\n            <\/div>\n<\/section>\n\n\n<section class=\"component component_breadcrumbs\">\n\t<div class=\"container-fluid\">\n  \t<\/div>\n<\/section>\n\n\n<section\n    id=\"\"\n    class=\"block content-block\"\n\tstyle=\"--cb-bg: white; --cb-content: #000; padding-top: 30px; padding-bottom: 30px;\"\n>\n    \n\n<div class=\"container-fluid editor_content content content--narrow\">\n    <div class=\"row\">\n        <div class=\"col-12 editor_content\">\n            <h1>Ein hoch wirksames Oxidationsmittel<\/h1>\n<p class=\"preamble\">Ozon ist ein sehr starkes Oxidationsmittel. Es ist leicht im Wasser l\u00f6slich und seine F\u00e4higkeit, die Mikroorganismen, die Schadstoffe bilden, zu beseitigen, ist sehr gut. Sobald das Problem gel\u00f6st ist, l\u00f6st sich das Ozon auf &#8211; unsere Methode zwingt das Ozon, mit den Schadstoffen zu reagieren und sie abzubauen, woraufhin das Restozon zu Sauerstoff zerf\u00e4llt.<\/p>\n<p><strong><a href=\"https:\/\/ozonetech.com\/wp-content\/uploads\/2020\/12\/Datasheet-About-Ozone-v2.0-EN-web.pdf\" target=\"_blank\" rel=\"noopener\">Informationen \u00fcber Ozon als pdf herunterladen.<\/a><\/strong><\/p>\n        <\/div>\n    <\/div>\n<\/div>\n\n<div class=\"container-fluid editor_content\">\n    <div class=\"row\">\n        <div class=\"col-12 editor_content table-wrapper \" style=\"--table-text-color-header: #FFFFFF; --table-text-color-rows: #000000; --table-background-color-header: #5f5f5f; --table-background-color-rows-even: #efefef; --table-background-color-rows-odd: #dfdfdf; \">\n                            \n<table id=\"tablepress-222\" class=\"tablepress tablepress-id-222\">\n<thead>\n<tr class=\"row-1\">\n\t<th class=\"column-1\">Chemische Formel<\/th><th class=\"column-2\">O3<\/th>\n<\/tr>\n<\/thead>\n<tbody class=\"row-striping\">\n<tr class=\"row-2\">\n\t<td class=\"column-1\">Molekulargewicht<\/td><td class=\"column-2\">47.998 g\/mol<\/td>\n<\/tr>\n<tr class=\"row-3\">\n\t<td class=\"column-1\">Dichte, Gas (0\u00b0C, 101,3 kPa)<\/td><td class=\"column-2\">2,144 kg\/m3<\/td>\n<\/tr>\n<tr class=\"row-4\">\n\t<td class=\"column-1\">Schmelzpunkt (101,3 kPa)<\/td><td class=\"column-2\">-192,5\u00b0C<\/td>\n<\/tr>\n<tr class=\"row-5\">\n\t<td class=\"column-1\">Siedepunkt (101,3 kPa)<\/td><td class=\"column-2\">-111,9\u00b0C<\/td>\n<\/tr>\n<tr class=\"row-6\">\n\t<td class=\"column-1\">EU-Gefahrenklassifizierung<\/td><td class=\"column-2\">Oxidationsmittel (O)<\/td>\n<\/tr>\n<\/tbody>\n<\/table>\n<!-- #tablepress-222 from cache -->                                <\/div>\n    <\/div>\n<\/div>\n\n\n<div class=\"container-fluid editor_content content content--narrow\">\n    <div class=\"row\">\n        <div class=\"col-12 editor_content\">\n            <h3>Die Chemie der Ozonbildung<\/h3>\n<p>Ozon kann photochemisch mit UV-Licht oder mit elektrischen Entladungen (Koronaentladungen) in einer mit Sauerstoff gef\u00fcllten Atmosph\u00e4re erzeugt werden. Dank unserer eigenen patentierten Technik nutzen unsere Anlagen die Vorteile der Koronaentladung optimal. Luft oder Sauerstoff wird zwischen zwei Elektroden geleitet und anschlie\u00dfend elektronischen Entladungen ausgesetzt. Die Sauerstoffatome werden dann teilweise atomisiert und bilden Ozon, wenn freie Sauerstoffmolek\u00fcle mit den vorhandenen Sauerstoffmolek\u00fclen reagieren.<\/p>\n        <\/div>\n    <\/div>\n<\/div>\n\n\n<div class=\"container-fluid content content--narrow\">\n    <div class=\"row\">\n        <div class=\"col-md-6 order-1 editor_content \">\n            <p>Die Elektronen in der Entladung liefern Energie, um die Atome im Sauerstoffmolek\u00fcl zu dissoziieren:<\/p>\n<p>O<sub>2<\/sub>\u00a0+ e<sup>&#8211;<\/sup> =&gt; O + O<\/p>\n<p>Diese freien Atome reagieren direkt miteinander oder mit Sauerstoffmolek\u00fclen zu Ozon:<\/p>\n<p>O<sub>2<\/sub>\u00a0+ O =&gt; O<sub>3<\/sub><\/p>\n        <\/div>\n        <div class=\"col-md-6 order-2 editor_content d-flex justify-content-center\">\n                                            <figure class=\"side-image \">\n                    <img loading=\"lazy\" decoding=\"async\" width=\"425\" height=\"291\" src=\"https:\/\/ozonetech.com\/wp-content\/uploads\/2021\/03\/ozone-molecule-e1615388404310.jpg\" class=\"attachment-full size-full\" alt=\"\" srcset=\"https:\/\/ozonetech.com\/wp-content\/uploads\/2021\/03\/ozone-molecule-e1615388404310.jpg 425w, https:\/\/ozonetech.com\/wp-content\/uploads\/2021\/03\/ozone-molecule-e1615388404310-300x205.jpg 300w\" sizes=\"auto, (max-width: 425px) 100vw, 425px\" \/>                                    <\/figure>\n                    <\/div>\n    <\/div>\n<\/div>\n\n\n<div class=\"container-fluid editor_content content content--narrow\">\n    <div class=\"row\">\n        <div class=\"col-12 editor_content\">\n            <h3>Grenzwerte<\/h3>\n<p>Die schwedische Beh\u00f6rde f\u00fcr Arbeitssicherheit und Gesundheitsschutz hat hygienische Grenzwerte (akzeptable Durchschnittswerte in der Atemluft) f\u00fcr Ozon festgelegt. Es werden zwei Hauptebenen verwendet:<\/p>\n<ul>\n<li>Grenzwert (LLV): H\u00f6chster akzeptabler durchschnittlicher Gehalt in der Atemluft w\u00e4hrend 8 Stunden.<\/li>\n<li>Deckengrenzwert (CLV): H\u00f6chster akzeptabler durchschnittlicher Gehalt in der Atemluft w\u00e4hrend 15 Minuten.<\/li>\n<\/ul>\n<p>F\u00fcr Ozon betr\u00e4gt der Grenzwert 0,1 ppm (0,2 mg\/m<sup>3<\/sup>) und die Obergrenze 0,3 ppm (0,6 mg\/m<sup>3<\/sup>) (AFS 2015:7). Nach Ansicht des Vorstands ist Ozon weder krebserregend noch allergen und beeintr\u00e4chtigt die Fortpflanzung nicht, noch wird es leicht von der Haut aufgenommen.<\/p>\n<p>Ozonwerte \u00fcber 0,3 ppm reizen die Atemwege und die Augenschleimh\u00e4ute, w\u00e4hrend Werte um 100 ppm innerhalb weniger Minuten gef\u00e4hrlich giftig sind.<\/p>\n<p>Links: <strong><a href=\"https:\/\/en.wikipedia.org\/wiki\/Ozone\" target=\"_blank\" rel=\"noopener\"> Ozon (Wikipedia), Schwedisches Zentralamt f\u00fcr Gesundheit und Sicherheit am Arbeitsplatz, AFS 2018:1<\/a><a href=\"https:\/\/www.av.se\/arbetsmiljoarbete-och-inspektioner\/publikationer\/foreskrifter\/hygieniska-gransvarden-afs-20181-foreskrifter\/\" target=\"_blank\" rel=\"noopener\">AFS 2018:1<\/a><\/strong><\/p>\n        <\/div>\n    <\/div>\n<\/div>\n\n<\/section>\n\n\n\n<section class=\"block landing-page-grid\" style=\"--grid-bg: #fff; --grid-link: #5f5f5f; --grid-content: #000;\">\n\n    <div class=\"container-fluid grid\">\n\n                \n                    <div class=\"grid__list\">\n                                    <a class=\"item\" href=\"https:\/\/ozonetech.com\/de\/ein-starkes-oxidationsmittel\/vorteile-ozon\/\" target=\"\">\n                        <span class=\"item__overlay\"><\/span>\n                        <span\n                            class=\"item__background-image\"\n                            style=\"background-image: url('https:\/\/ozonetech.com\/wp-content\/uploads\/2021\/03\/ozone.jpg');\"\n                        ><\/span>\n                        \n                        <span class=\"item__content\">\n                            <figure class=\"item__content--icon\">\n                                                            <\/figure>\n\n                            <span class=\"item__content--link\">\n                                <span>Vorteile Ozon<\/span><svg version=\"1.1\" id=\"Layer_1\" xmlns=\"http:\/\/www.w3.org\/2000\/svg\" x=\"0\" y=\"0\" viewBox=\"0 0 25 21.76\" xml:space=\"preserve\"><path fill=\"#FF691C\" d=\"M12.17 1.45l1.11-1.1c.46-.47 1.22-.47 1.68 0l9.69 9.68c.47.46.47 1.22 0 1.68l-9.69 9.69c-.46.47-1.22.47-1.68 0l-1.11-1.11c-.47-.47-.46-1.23.01-1.7l.01-.01 6-5.72h-17c-.66 0-1.2-.53-1.2-1.19v-1.6c0-.66.53-1.2 1.19-1.2h17.01l-6-5.72c-.48-.45-.5-1.2-.05-1.68.01 0 .02-.01.03-.02z\"\/><\/svg>                            <\/span>\n                        <\/span>\n                    <\/a>\n                                    <a class=\"item\" href=\"https:\/\/ozonetech.com\/de\/ein-starkes-oxidationsmittel\/faq-ozon\/\" target=\"\">\n                        <span class=\"item__overlay\"><\/span>\n                        <span\n                            class=\"item__background-image\"\n                            style=\"background-image: url('https:\/\/ozonetech.com\/wp-content\/uploads\/2021\/03\/ozone.jpg');\"\n                        ><\/span>\n                        \n                        <span class=\"item__content\">\n                            <figure class=\"item__content--icon\">\n                                                            <\/figure>\n\n                            <span class=\"item__content--link\">\n                                <span>FAQ Ozon<\/span><svg version=\"1.1\" id=\"Layer_1\" xmlns=\"http:\/\/www.w3.org\/2000\/svg\" x=\"0\" y=\"0\" viewBox=\"0 0 25 21.76\" xml:space=\"preserve\"><path fill=\"#FF691C\" d=\"M12.17 1.45l1.11-1.1c.46-.47 1.22-.47 1.68 0l9.69 9.68c.47.46.47 1.22 0 1.68l-9.69 9.69c-.46.47-1.22.47-1.68 0l-1.11-1.11c-.47-.47-.46-1.23.01-1.7l.01-.01 6-5.72h-17c-.66 0-1.2-.53-1.2-1.19v-1.6c0-.66.53-1.2 1.19-1.2h17.01l-6-5.72c-.48-.45-.5-1.2-.05-1.68.01 0 .02-.01.03-.02z\"\/><\/svg>                            <\/span>\n                        <\/span>\n                    <\/a>\n                                    <a class=\"item\" href=\"https:\/\/ozonetech.com\/de\/ein-starkes-oxidationsmittel\/ozon-sicherheit\/\" target=\"\">\n                        <span class=\"item__overlay\"><\/span>\n                        <span\n                            class=\"item__background-image\"\n                            style=\"background-image: url('https:\/\/ozonetech.com\/wp-content\/uploads\/2021\/03\/ozone.jpg');\"\n                        ><\/span>\n                        \n                        <span class=\"item__content\">\n                            <figure class=\"item__content--icon\">\n                                                            <\/figure>\n\n                            <span class=\"item__content--link\">\n                                <span>Ozon-Sicherheit<\/span><svg version=\"1.1\" id=\"Layer_1\" xmlns=\"http:\/\/www.w3.org\/2000\/svg\" x=\"0\" y=\"0\" viewBox=\"0 0 25 21.76\" xml:space=\"preserve\"><path fill=\"#FF691C\" d=\"M12.17 1.45l1.11-1.1c.46-.47 1.22-.47 1.68 0l9.69 9.68c.47.46.47 1.22 0 1.68l-9.69 9.69c-.46.47-1.22.47-1.68 0l-1.11-1.11c-.47-.47-.46-1.23.01-1.7l.01-.01 6-5.72h-17c-.66 0-1.2-.53-1.2-1.19v-1.6c0-.66.53-1.2 1.19-1.2h17.01l-6-5.72c-.48-.45-.5-1.2-.05-1.68.01 0 .02-.01.03-.02z\"\/><\/svg>                            <\/span>\n                        <\/span>\n                    <\/a>\n                            <\/div>\n            <\/div>\n\n<\/section>","protected":false},"excerpt":{"rendered":"","protected":false},"author":21,"featured_media":0,"parent":0,"menu_order":0,"comment_status":"closed","ping_status":"closed","template":"","meta":{"_acf_changed":false,"_seopress_robots_primary_cat":"","_seopress_titles_title":"","_seopress_titles_desc":"Ozon ist ein stark wirksames Oxidationsmittel. Mit seiner leichten Wasserl\u00f6slichkeit hat es eine starke F\u00e4higkeit Mikroorganismen, die Schmutzpartikel bilden, zu beseitigen.","_seopress_robots_index":"","inline_featured_image":false,"footnotes":""},"class_list":["post-35571","page","type-page","status-publish","hentry"],"acf":[],"_links":{"self":[{"href":"https:\/\/ozonetech.com\/de\/wp-json\/wp\/v2\/pages\/35571","targetHints":{"allow":["GET"]}}],"collection":[{"href":"https:\/\/ozonetech.com\/de\/wp-json\/wp\/v2\/pages"}],"about":[{"href":"https:\/\/ozonetech.com\/de\/wp-json\/wp\/v2\/types\/page"}],"author":[{"embeddable":true,"href":"https:\/\/ozonetech.com\/de\/wp-json\/wp\/v2\/users\/21"}],"replies":[{"embeddable":true,"href":"https:\/\/ozonetech.com\/de\/wp-json\/wp\/v2\/comments?post=35571"}],"version-history":[{"count":13,"href":"https:\/\/ozonetech.com\/de\/wp-json\/wp\/v2\/pages\/35571\/revisions"}],"predecessor-version":[{"id":40976,"href":"https:\/\/ozonetech.com\/de\/wp-json\/wp\/v2\/pages\/35571\/revisions\/40976"}],"wp:attachment":[{"href":"https:\/\/ozonetech.com\/de\/wp-json\/wp\/v2\/media?parent=35571"}],"curies":[{"name":"wp","href":"https:\/\/api.w.org\/{rel}","templated":true}]}}